{"id":6749,"date":"2011-03-14T16:07:52","date_gmt":"2011-03-14T16:07:52","guid":{"rendered":"https:\/\/manos-verdes.org\/projekte\/"},"modified":"2022-05-06T03:55:00","modified_gmt":"2022-05-06T06:55:00","slug":"projekte","status":"publish","type":"page","link":"https:\/\/manos-verdes.org\/de\/projekte\/","title":{"rendered":"Projekte"},"content":{"rendered":"<div class=\"wpb-content-wrapper\"><p>[vc_row][vc_column]<div id=\"zozo-portfolio-wrapper-1\" class=\"zozo-portfolio-grid-wrapper zozo-isotope-grid-system style_one item-has-content\"><div class=\"zozo-isotope-wrapper no-gutter\"><div id=\"zozo_portfolio_1\" class=\"zozo-portfolio zozo-isotope-layout style_one-grid-style portfolio-cols-3\" data-columns=\"3\" data-gutter=\"0\" data-type=\"masonry\" data-layout=\"fitRows\"><div id=\"portfolio-12119\" class=\"portfolio-item isotope-post post-iso-w4 post-iso-h4 grid-cat-631  zozo-img-wrapper style-style_one\"><div class=\"post-inside-wrapper margin-top-0 animate_when_almost_visible bottom-t-top\" data-delay=\"200\"><div class=\"portfolio-content  overlay-full overlay-center\"><div class=\"portfolio-image-overlay-wrapper\"><div class=\"portfolio-img\"><img loading=\"lazy\" decoding=\"async\" class=\"img-responsive\" src=\"https:\/\/manos-verdes.org\/wp-content\/uploads\/Sinergia-Circular-proyecto.jpg\" width=\"560\" height=\"315\" alt=\"Sinergia Circular &#8211; vernetzt Akteure der Kreislaufwirtschaft im Gro\u00dfraum Buenos Aires\" \/><\/div><\/div><div class=\"portfolio-overlay default\"><\/div><div class=\"portfolio-mask overlay-mask position-center\"><div class=\"portfolio-excerpts\"><p>Sinergia Circular ist eine von der Europ\u00e4ischen Union co-finanzierte internationale Initiative, die die Kreislaufwirtschaft in Argentinien mit Schwerpunkt auf dem Gro\u00dfraum Buenos Aires (AMBA) f\u00f6rdert. Das vierj\u00e4hrige Projekt zielt darauf<\/p><\/div><ul class=\"overlay-buttons\"><li><a href=\"https:\/\/manos-verdes.org\/wp-content\/uploads\/Sinergia-Circular-proyecto.jpg\" class=\"pf-icon-zoom\" data-rel=\"prettyPhoto[gallery1]\" title=\"Sinergia Circular &#8211; vernetzt Akteure der Kreislaufwirtschaft im Gro\u00dfraum Buenos Aires\"><i class=\"simple-icon icon-action-redo\"><\/i><\/a><\/li><li><a href=\"https:\/\/manos-verdes.org\/de\/proyecto\/sinergia-circular\/\" class=\"pf-icon-link\" title=\"Sinergia Circular &#8211; vernetzt Akteure der Kreislaufwirtschaft im Gro\u00dfraum Buenos Aires\"><i class=\"simple-icon icon-link\"><\/i><\/a><\/li><\/ul><\/div><div class=\"portfolio-bottom\"><div class=\"portfolio-cat\"><a title=\"02. Econom\u00eda Circular\" href=\"https:\/\/manos-verdes.org\/de\/proyecto-categoria\/economia-circular-de\/\">02. Econom\u00eda Circular<\/a><\/div><div class=\"portfolio-title\"><h4><a title=\"Sinergia Circular &#8211; vernetzt Akteure der Kreislaufwirtschaft im Gro\u00dfraum Buenos Aires\" href=\"https:\/\/manos-verdes.org\/de\/proyecto\/sinergia-circular\/\">Sinergia Circular &#8211; vernetzt Akteure der Kreislaufwirtschaft im Gro\u00dfraum Buenos Aires<\/a><\/h4><\/div><div class=\"portfolio-excerpts\"><p>Sinergia Circular ist eine von der Europ\u00e4ischen Union co-finanzierte internationale Initiative, die die Kreislaufwirtschaft in<\/p><\/div><\/div><\/div><\/div><\/div><div id=\"portfolio-10496\" class=\"portfolio-item isotope-post post-iso-w4 post-iso-h4 grid-cat-657  zozo-img-wrapper style-style_one\"><div class=\"post-inside-wrapper margin-top-0 animate_when_almost_visible bottom-t-top\" data-delay=\"200\"><div class=\"portfolio-content  overlay-full overlay-center\"><div class=\"portfolio-image-overlay-wrapper\"><div class=\"portfolio-img\"><img loading=\"lazy\" decoding=\"async\" class=\"img-responsive\" src=\"https:\/\/manos-verdes.org\/wp-content\/uploads\/Fondo-canada_img-1-560x385.jpg\" width=\"560\" height=\"385\" alt=\"Alto al Fuego &#8211; Vorbeugung von Waldbr\u00e4nden und Umweltkatastrophen\" \/><\/div><\/div><div class=\"portfolio-overlay default\"><\/div><div class=\"portfolio-mask overlay-mask position-center\"><div class=\"portfolio-excerpts\"><p> Projekte &#8211; Alto al Fuego &#8211; ein Programm zur Vorbeugung von Waldbr\u00e4nden und Umweltkatastrophen in l\u00e4ndlichen Regionen. &nbsp; Zu Beginn des Jahres 2022 kam es in der Provinz Corrientes<\/p><\/div><ul class=\"overlay-buttons\"><li><a href=\"https:\/\/manos-verdes.org\/wp-content\/uploads\/Fondo-canada_img-1.jpg\" class=\"pf-icon-zoom\" data-rel=\"prettyPhoto[gallery1]\" title=\"Alto al Fuego &#8211; Vorbeugung von Waldbr\u00e4nden und Umweltkatastrophen\"><i class=\"simple-icon icon-action-redo\"><\/i><\/a><\/li><li><a href=\"https:\/\/manos-verdes.org\/de\/proyecto\/alto-el-fuego-fondo-canada\/\" class=\"pf-icon-link\" title=\"Alto al Fuego &#8211; Vorbeugung von Waldbr\u00e4nden und Umweltkatastrophen\"><i class=\"simple-icon icon-link\"><\/i><\/a><\/li><\/ul><\/div><div class=\"portfolio-bottom\"><div class=\"portfolio-cat\"><a title=\"01. Educaci\u00f3n Ambiental\" href=\"https:\/\/manos-verdes.org\/de\/proyecto-categoria\/educacion-ambiental-de\/\">01. Educaci\u00f3n Ambiental<\/a><\/div><div class=\"portfolio-title\"><h4><a title=\"Alto al Fuego &#8211; Vorbeugung von Waldbr\u00e4nden und Umweltkatastrophen\" href=\"https:\/\/manos-verdes.org\/de\/proyecto\/alto-el-fuego-fondo-canada\/\">Alto al Fuego &#8211; Vorbeugung von Waldbr\u00e4nden und Umweltkatastrophen<\/a><\/h4><\/div><div class=\"portfolio-excerpts\"><p> Projekte &#8211; Alto al Fuego &#8211; ein Programm zur Vorbeugung von Waldbr\u00e4nden und Umweltkatastrophen<\/p><\/div><\/div><\/div><\/div><\/div><div id=\"portfolio-9544\" class=\"portfolio-item isotope-post post-iso-w4 post-iso-h4  zozo-img-wrapper style-style_one\"><div class=\"post-inside-wrapper margin-top-0 animate_when_almost_visible bottom-t-top\" data-delay=\"200\"><div class=\"portfolio-content  overlay-full overlay-center\"><div class=\"portfolio-image-overlay-wrapper\"><div class=\"portfolio-img\"><img loading=\"lazy\" decoding=\"async\" class=\"img-responsive\" src=\"https:\/\/manos-verdes.org\/wp-content\/uploads\/reforesta-30_manos-verdes-560x385.jpg\" width=\"560\" height=\"385\" alt=\"Reforesta 3.0 Projekt in Corrientes &#8211; Adoptiere einen Baum!\" \/><\/div><\/div><div class=\"portfolio-overlay default\"><\/div><div class=\"portfolio-mask overlay-mask position-center\"><div class=\"portfolio-excerpts\"><p>K\u00f6nnen Sie sich vorstellen, dass wir durch eine Online-Community aus der gesamten Welt in der argentinischen Provinz Corrientes \u00fcber 1 Million B\u00e4ume einheimischer Arten pflanzen?<\/p><\/div><ul class=\"overlay-buttons\"><li><a href=\"https:\/\/manos-verdes.org\/wp-content\/uploads\/reforesta-30_manos-verdes.jpg\" class=\"pf-icon-zoom\" data-rel=\"prettyPhoto[gallery1]\" title=\"Reforesta 3.0 Projekt in Corrientes &#8211; Adoptiere einen Baum!\"><i class=\"simple-icon icon-action-redo\"><\/i><\/a><\/li><li><a href=\"https:\/\/manos-verdes.org\/de\/proyecto\/reforesta-30\/\" class=\"pf-icon-link\" title=\"Reforesta 3.0 Projekt in Corrientes &#8211; Adoptiere einen Baum!\"><i class=\"simple-icon icon-link\"><\/i><\/a><\/li><\/ul><\/div><div class=\"portfolio-bottom\"><div class=\"portfolio-title\"><h4><a title=\"Reforesta 3.0 Projekt in Corrientes &#8211; Adoptiere einen Baum!\" href=\"https:\/\/manos-verdes.org\/de\/proyecto\/reforesta-30\/\">Reforesta 3.0 Projekt in Corrientes &#8211; Adoptiere einen Baum!<\/a><\/h4><\/div><div class=\"portfolio-excerpts\"><p>K\u00f6nnen Sie sich vorstellen, dass wir durch eine Online-Community aus der gesamten Welt in der<\/p><\/div><\/div><\/div><\/div><\/div><div id=\"portfolio-8100\" class=\"portfolio-item isotope-post post-iso-w4 post-iso-h4  zozo-img-wrapper style-style_one\"><div class=\"post-inside-wrapper margin-top-0 animate_when_almost_visible bottom-t-top\" data-delay=\"200\"><div class=\"portfolio-content  overlay-full overlay-center\"><div class=\"portfolio-image-overlay-wrapper\"><div class=\"portfolio-img\"><img loading=\"lazy\" decoding=\"async\" class=\"img-responsive\" src=\"https:\/\/manos-verdes.org\/wp-content\/uploads\/IMG_4467-560x385.jpeg\" width=\"560\" height=\"385\" alt=\"Projekt Biosph\u00e4re von Joaqu\u00edn Fargas in Augsburg\" \/><\/div><\/div><div class=\"portfolio-overlay default\"><\/div><div class=\"portfolio-mask overlay-mask position-center\"><div class=\"portfolio-excerpts\"><p>&#8222;Der Kreislauf des Lebens&#8220; &#8211; Das Kunstprojekt &#8222;Biosph\u00e4re&#8220; von Joaqu\u00edn Fargas in Augsburg Im Zeitraum vom 17.8. bis 30.9.2021 wird im Rahmen des Projektes KunstGang in der Augsburger Innenstadt auch<\/p><\/div><ul class=\"overlay-buttons\"><li><a href=\"https:\/\/manos-verdes.org\/wp-content\/uploads\/IMG_4467.jpeg\" class=\"pf-icon-zoom\" data-rel=\"prettyPhoto[gallery1]\" title=\"Projekt Biosph\u00e4re von Joaqu\u00edn Fargas in Augsburg\"><i class=\"simple-icon icon-action-redo\"><\/i><\/a><\/li><li><a href=\"https:\/\/manos-verdes.org\/de\/proyecto\/projekt-biosphaere-von-joaquin-fargas-in-augsburg\/\" class=\"pf-icon-link\" title=\"Projekt Biosph\u00e4re von Joaqu\u00edn Fargas in Augsburg\"><i class=\"simple-icon icon-link\"><\/i><\/a><\/li><\/ul><\/div><div class=\"portfolio-bottom\"><div class=\"portfolio-title\"><h4><a title=\"Projekt Biosph\u00e4re von Joaqu\u00edn Fargas in Augsburg\" href=\"https:\/\/manos-verdes.org\/de\/proyecto\/projekt-biosphaere-von-joaquin-fargas-in-augsburg\/\">Projekt Biosph\u00e4re von Joaqu\u00edn Fargas in Augsburg<\/a><\/h4><\/div><div class=\"portfolio-excerpts\"><p>&#8222;Der Kreislauf des Lebens&#8220; &#8211; Das Kunstprojekt &#8222;Biosph\u00e4re&#8220; von Joaqu\u00edn Fargas in Augsburg Im Zeitraum<\/p><\/div><\/div><\/div><\/div><\/div><div id=\"portfolio-7082\" class=\"portfolio-item isotope-post post-iso-w4 post-iso-h4  zozo-img-wrapper style-style_one\"><div class=\"post-inside-wrapper margin-top-0 animate_when_almost_visible bottom-t-top\" data-delay=\"200\"><div class=\"portfolio-content  overlay-full overlay-center\"><div class=\"portfolio-image-overlay-wrapper\"><div class=\"portfolio-img\"><img loading=\"lazy\" decoding=\"async\" class=\"img-responsive\" src=\"https:\/\/manos-verdes.org\/wp-content\/uploads\/manosverdes_Dia-verde-mvl-560x385.jpg\" width=\"560\" height=\"385\" alt=\"&#8222;Dia Verde&#8220; &#8211; Abfalltrennung in der Gemeinde Vicente L\u00f3pez\" \/><\/div><\/div><div class=\"portfolio-overlay default\"><\/div><div class=\"portfolio-mask overlay-mask position-center\"><div class=\"portfolio-excerpts\"><p>Seit 2014 begleitet Manos Verdes die Direktion f\u00fcr Umwelt und Energieffizienz der Gemeinde Vicente L\u00f3pez in der Umsetzung ihrer Umweltstrategie, mit Aktivit\u00e4ten zur Umweltbewusstseinsbildung bei den B\u00fcrgern und der Einf\u00fchrung<\/p><\/div><ul class=\"overlay-buttons\"><li><a href=\"https:\/\/manos-verdes.org\/wp-content\/uploads\/manosverdes_Dia-verde-mvl.jpg\" class=\"pf-icon-zoom\" data-rel=\"prettyPhoto[gallery1]\" title=\"&#8222;Dia Verde&#8220; &#8211; Abfalltrennung in der Gemeinde Vicente L\u00f3pez\"><i class=\"simple-icon icon-action-redo\"><\/i><\/a><\/li><li><a href=\"https:\/\/manos-verdes.org\/de\/proyecto\/gruner-tag-gemeinde-vicente-lopez\/\" class=\"pf-icon-link\" title=\"&#8222;Dia Verde&#8220; &#8211; Abfalltrennung in der Gemeinde Vicente L\u00f3pez\"><i class=\"simple-icon icon-link\"><\/i><\/a><\/li><\/ul><\/div><div class=\"portfolio-bottom\"><div class=\"portfolio-title\"><h4><a title=\"&#8222;Dia Verde&#8220; &#8211; Abfalltrennung in der Gemeinde Vicente L\u00f3pez\" href=\"https:\/\/manos-verdes.org\/de\/proyecto\/gruner-tag-gemeinde-vicente-lopez\/\">&#8222;Dia Verde&#8220; &#8211; Abfalltrennung in der Gemeinde Vicente L\u00f3pez<\/a><\/h4><\/div><div class=\"portfolio-excerpts\"><p>Seit 2014 begleitet Manos Verdes die Direktion f\u00fcr Umwelt und Energieffizienz der Gemeinde Vicente L\u00f3pez<\/p><\/div><\/div><\/div><\/div><\/div><div id=\"portfolio-7081\" class=\"portfolio-item isotope-post post-iso-w4 post-iso-h4  zozo-img-wrapper style-style_one\"><div class=\"post-inside-wrapper margin-top-0 animate_when_almost_visible bottom-t-top\" data-delay=\"200\"><div class=\"portfolio-content  overlay-full overlay-center\"><div class=\"portfolio-image-overlay-wrapper\"><div class=\"portfolio-img\"><img loading=\"lazy\" decoding=\"async\" class=\"img-responsive\" src=\"https:\/\/manos-verdes.org\/wp-content\/uploads\/manosverdes-coloniapellegrini-560x385.jpg\" width=\"560\" height=\"385\" alt=\"Abfallwirtschaft in touristischen Gemeinden, Esteros del Iber\u00e1\" \/><\/div><\/div><div class=\"portfolio-overlay default\"><\/div><div class=\"portfolio-mask overlay-mask position-center\"><div class=\"portfolio-excerpts\"><p>Seit 2014 arbeitet Manos Verdes ebenfalls in der Provinz Corrientes, gelegen in Nordargentinien an der Grenze zu Paraguay, Brasilien und Uruguay. Die Provinz Corrientes hat insgesamt knapp 1 Million Einwohner<\/p><\/div><ul class=\"overlay-buttons\"><li><a href=\"https:\/\/manos-verdes.org\/wp-content\/uploads\/manosverdes-coloniapellegrini.jpg\" class=\"pf-icon-zoom\" data-rel=\"prettyPhoto[gallery1]\" title=\"Abfallwirtschaft in touristischen Gemeinden, Esteros del Iber\u00e1\"><i class=\"simple-icon icon-action-redo\"><\/i><\/a><\/li><li><a href=\"https:\/\/manos-verdes.org\/de\/proyecto\/abfallwirtschaft-in-colonia-carlos-pellegrini-esteros-del-ibera\/\" class=\"pf-icon-link\" title=\"Abfallwirtschaft in touristischen Gemeinden, Esteros del Iber\u00e1\"><i class=\"simple-icon icon-link\"><\/i><\/a><\/li><\/ul><\/div><div class=\"portfolio-bottom\"><div class=\"portfolio-title\"><h4><a title=\"Abfallwirtschaft in touristischen Gemeinden, Esteros del Iber\u00e1\" href=\"https:\/\/manos-verdes.org\/de\/proyecto\/abfallwirtschaft-in-colonia-carlos-pellegrini-esteros-del-ibera\/\">Abfallwirtschaft in touristischen Gemeinden, Esteros del Iber\u00e1<\/a><\/h4><\/div><div class=\"portfolio-excerpts\"><p>Seit 2014 arbeitet Manos Verdes ebenfalls in der Provinz Corrientes, gelegen in Nordargentinien an der<\/p><\/div><\/div><\/div><\/div><\/div><div id=\"portfolio-7080\" class=\"portfolio-item isotope-post post-iso-w4 post-iso-h4  zozo-img-wrapper style-style_one\"><div class=\"post-inside-wrapper margin-top-0 animate_when_almost_visible bottom-t-top\" data-delay=\"200\"><div class=\"portfolio-content  overlay-full overlay-center\"><div class=\"portfolio-image-overlay-wrapper\"><div class=\"portfolio-img\"><img loading=\"lazy\" decoding=\"async\" class=\"img-responsive\" src=\"https:\/\/manos-verdes.org\/wp-content\/uploads\/taller-de-arte-con-descarte-560x385.jpg\" width=\"560\" height=\"385\" alt=\"Kunst-Workshop mit Schrottabf\u00e4llen\" \/><\/div><\/div><div class=\"portfolio-overlay default\"><\/div><div class=\"portfolio-mask overlay-mask position-center\"><div class=\"portfolio-excerpts\"><p>Ziel des Workshops war es, bei den teilnehmenden Sch\u00fclern der Sekundarstufe das Umweltbewusstsein insbesondere bez\u00fcglich der Abfallproblematik zu st\u00e4rken. Es nahmen die Sch\u00fcler der 5. Klasse der Sekundarstufe mit der<\/p><\/div><ul class=\"overlay-buttons\"><li><a href=\"https:\/\/manos-verdes.org\/wp-content\/uploads\/taller-de-arte-con-descarte.jpg\" class=\"pf-icon-zoom\" data-rel=\"prettyPhoto[gallery1]\" title=\"Kunst-Workshop mit Schrottabf\u00e4llen\"><i class=\"simple-icon icon-action-redo\"><\/i><\/a><\/li><li><a href=\"https:\/\/manos-verdes.org\/de\/proyecto\/kunst-mit-discard-workshop\/\" class=\"pf-icon-link\" title=\"Kunst-Workshop mit Schrottabf\u00e4llen\"><i class=\"simple-icon icon-link\"><\/i><\/a><\/li><\/ul><\/div><div class=\"portfolio-bottom\"><div class=\"portfolio-title\"><h4><a title=\"Kunst-Workshop mit Schrottabf\u00e4llen\" href=\"https:\/\/manos-verdes.org\/de\/proyecto\/kunst-mit-discard-workshop\/\">Kunst-Workshop mit Schrottabf\u00e4llen<\/a><\/h4><\/div><div class=\"portfolio-excerpts\"><p>Ziel des Workshops war es, bei den teilnehmenden Sch\u00fclern der Sekundarstufe das Umweltbewusstsein insbesondere bez\u00fcglich<\/p><\/div><\/div><\/div><\/div><\/div><div id=\"portfolio-7079\" class=\"portfolio-item isotope-post post-iso-w4 post-iso-h4  zozo-img-wrapper style-style_one\"><div class=\"post-inside-wrapper margin-top-0 animate_when_almost_visible bottom-t-top\" data-delay=\"200\"><div class=\"portfolio-content  overlay-full overlay-center\"><div class=\"portfolio-image-overlay-wrapper\"><div class=\"portfolio-img\"><img loading=\"lazy\" decoding=\"async\" class=\"img-responsive\" src=\"https:\/\/manos-verdes.org\/wp-content\/uploads\/taller-ecodocumental-560x385.jpg\" width=\"560\" height=\"385\" alt=\"Workshop Umweltdokumentarfilm\" \/><\/div><\/div><div class=\"portfolio-overlay default\"><\/div><div class=\"portfolio-mask overlay-mask position-center\"><div class=\"portfolio-excerpts\"><p>Im Juli 2015 starteten wir gemeinsam mit dem Journalisten und Politologen Adrian C\u00e1lo ein Umweltbildungsprojekt an in der Schule No. 6 de 5, in der Villa 21-24, einem sozial schwachen<\/p><\/div><ul class=\"overlay-buttons\"><li><a href=\"https:\/\/manos-verdes.org\/wp-content\/uploads\/taller-ecodocumental.jpg\" class=\"pf-icon-zoom\" data-rel=\"prettyPhoto[gallery1]\" title=\"Workshop Umweltdokumentarfilm\"><i class=\"simple-icon icon-action-redo\"><\/i><\/a><\/li><li><a href=\"https:\/\/manos-verdes.org\/de\/proyecto\/ecodocumental-workshop\/\" class=\"pf-icon-link\" title=\"Workshop Umweltdokumentarfilm\"><i class=\"simple-icon icon-link\"><\/i><\/a><\/li><\/ul><\/div><div class=\"portfolio-bottom\"><div class=\"portfolio-title\"><h4><a title=\"Workshop Umweltdokumentarfilm\" href=\"https:\/\/manos-verdes.org\/de\/proyecto\/ecodocumental-workshop\/\">Workshop Umweltdokumentarfilm<\/a><\/h4><\/div><div class=\"portfolio-excerpts\"><p>Im Juli 2015 starteten wir gemeinsam mit dem Journalisten und Politologen Adrian C\u00e1lo ein Umweltbildungsprojekt<\/p><\/div><\/div><\/div><\/div><\/div><div id=\"portfolio-7078\" class=\"portfolio-item isotope-post post-iso-w4 post-iso-h4  zozo-img-wrapper style-style_one\"><div class=\"post-inside-wrapper margin-top-0 animate_when_almost_visible bottom-t-top\" data-delay=\"200\"><div class=\"portfolio-content  overlay-full overlay-center\"><div class=\"portfolio-image-overlay-wrapper\"><div class=\"portfolio-img\"><img loading=\"lazy\" decoding=\"async\" class=\"img-responsive\" src=\"https:\/\/manos-verdes.org\/wp-content\/uploads\/manos-verdes_curso-multiplicadores-560x385.jpg\" width=\"560\" height=\"385\" alt=\"Kurs f\u00fcr Multiplikatoren zu Umwelt- und Klimaschutz\" \/><\/div><\/div><div class=\"portfolio-overlay default\"><\/div><div class=\"portfolio-mask overlay-mask position-center\"><div class=\"portfolio-excerpts\"><p>Mit einem Kurs f\u00fcr Multiplikatoren zum Thema Umwelt- und Klimaschutz startete Manos Verdes in 2017 ein Fortbildungsprogramm f\u00fcr Freiwillige und Interessierte. Der Kurs wurde 2017 erstmals an der Universit\u00e4t von<\/p><\/div><ul class=\"overlay-buttons\"><li><a href=\"https:\/\/manos-verdes.org\/wp-content\/uploads\/manos-verdes_curso-multiplicadores.jpg\" class=\"pf-icon-zoom\" data-rel=\"prettyPhoto[gallery1]\" title=\"Kurs f\u00fcr Multiplikatoren zu Umwelt- und Klimaschutz\"><i class=\"simple-icon icon-action-redo\"><\/i><\/a><\/li><li><a href=\"https:\/\/manos-verdes.org\/de\/proyecto\/umwelt-multiplikator-kurs\/\" class=\"pf-icon-link\" title=\"Kurs f\u00fcr Multiplikatoren zu Umwelt- und Klimaschutz\"><i class=\"simple-icon icon-link\"><\/i><\/a><\/li><\/ul><\/div><div class=\"portfolio-bottom\"><div class=\"portfolio-title\"><h4><a title=\"Kurs f\u00fcr Multiplikatoren zu Umwelt- und Klimaschutz\" href=\"https:\/\/manos-verdes.org\/de\/proyecto\/umwelt-multiplikator-kurs\/\">Kurs f\u00fcr Multiplikatoren zu Umwelt- und Klimaschutz<\/a><\/h4><\/div><div class=\"portfolio-excerpts\"><p>Mit einem Kurs f\u00fcr Multiplikatoren zum Thema Umwelt- und Klimaschutz startete Manos Verdes in 2017<\/p><\/div><\/div><\/div><\/div><\/div><\/div><\/div><\/div>[\/vc_column][\/vc_row]<\/p>\n<\/div>","protected":false},"excerpt":{"rendered":"<p>[vc_row][vc_column][\/vc_column][\/vc_row]<\/p>\n","protected":false},"author":3,"featured_media":8701,"parent":0,"menu_order":3,"comment_status":"closed","ping_status":"closed","template":"","meta":{"footnotes":""},"class_list":["post-6749","page","type-page","status-publish","has-post-thumbnail","hentry"],"_links":{"self":[{"href":"https:\/\/manos-verdes.org\/de\/wp-json\/wp\/v2\/pages\/6749","targetHints":{"allow":["GET"]}}],"collection":[{"href":"https:\/\/manos-verdes.org\/de\/wp-json\/wp\/v2\/pages"}],"about":[{"href":"https:\/\/manos-verdes.org\/de\/wp-json\/wp\/v2\/types\/page"}],"author":[{"embeddable":true,"href":"https:\/\/manos-verdes.org\/de\/wp-json\/wp\/v2\/users\/3"}],"replies":[{"embeddable":true,"href":"https:\/\/manos-verdes.org\/de\/wp-json\/wp\/v2\/comments?post=6749"}],"version-history":[{"count":0,"href":"https:\/\/manos-verdes.org\/de\/wp-json\/wp\/v2\/pages\/6749\/revisions"}],"wp:featuredmedia":[{"embeddable":true,"href":"https:\/\/manos-verdes.org\/de\/wp-json\/wp\/v2\/media\/8701"}],"wp:attachment":[{"href":"https:\/\/manos-verdes.org\/de\/wp-json\/wp\/v2\/media?parent=6749"}],"curies":[{"name":"wp","href":"https:\/\/api.w.org\/{rel}","templated":true}]}}