{"id":6755,"date":"2011-06-14T19:12:21","date_gmt":"2011-06-14T19:12:21","guid":{"rendered":"https:\/\/manos-verdes.org\/unterstutzen-sie-uns\/"},"modified":"2025-04-30T12:20:38","modified_gmt":"2025-04-30T15:20:38","slug":"unterstutzen-sie-uns","status":"publish","type":"page","link":"https:\/\/manos-verdes.org\/de\/unterstutzen-sie-uns\/","title":{"rendered":"Unterst\u00fctzen Sie uns!"},"content":{"rendered":"<div class=\"wpb-content-wrapper\"><p>[vc_row el_id=&#8220;sponsores&#8220; css=&#8220;.vc_custom_1707223825398{margin-right: 2% !important;margin-left: 2% !important;}&#8220;][vc_column width=&#8220;1\/4&#8243;]<div class=\"zozo-parallax-header\"><div class=\"parallax-header content-style-default\"><h2 class=\"parallax-title\">Sponsoren<\/h2><\/div><\/div>[vc_column_text css=&#8220;&#8220;]<\/p>\n<p style=\"text-align: left;\"><strong>F\u00fcr unsere Projekte suchen wir Sponsoren!<\/strong><\/p>\n<p style=\"text-align: left;\">Wir freuen uns, wenn Sie unsere Projekte unterst\u00fctzen wollen. Sie haben Fragen oder ben\u00f6tigen weitere Informationen?<\/p>\n<p style=\"text-align: left;\">Kontaktieren Sie uns:<\/p>\n<p style=\"text-align: left;\"><strong>Verena B\u00f6hme<\/strong>, 1. Vorsitzende Manos Verdes Deutschland e.V:<\/p>\n<p style=\"text-align: left;\">E: <a style=\"color: #006e3d;\" href=\"mailto:vb@manos-verdes.org\">vb@manos-verdes.org<\/a><\/p>\n<p>[\/vc_column_text][vc_btn title=&#8220;Kontaktieren Sie uns!&#8220; align=&#8220;center&#8220;][\/vc_column][vc_column width=&#8220;1\/4&#8243;]<div class=\"zozo-parallax-header\"><div class=\"parallax-header content-style-default\"><h2 class=\"parallax-title\">Mitgliedschaft<\/h2><\/div><\/div>[vc_column_text css=&#8220;&#8220;]<strong>Setzen Sie sich mit Manos Verdes f\u00fcr den Schutz unserer Erde ein!<\/strong><\/p>\n<p>Werden sie <em><strong>Mitglied<\/strong> <\/em>oder <strong><em>F\u00f6rdermitglied<\/em><\/strong> bei Manos Verdes Deutschland e.V. und unterst\u00fctzen Sie den Verein mit einem j\u00e4hrlichen Beitrag.<\/p>\n<p>Bitte Formular runterladen und ausgef\u00fcllt senden per E-mail an: <a href=\"mailto:kontakt@manos-verrdes.org\">kontakt@manos-verrdes.org<\/a><\/p>\n<p style=\"text-align: center;\"><strong>Manos Verdes Deutschland e.V.<\/strong><\/p>\n<p>[\/vc_column_text][vc_btn title=&#8220;Einzelmitglied Formular&#8220; align=&#8220;center&#8220; i_icon_fontawesome=&#8220;far fa-file-pdf&#8220; css=&#8220;&#8220; add_icon=&#8220;true&#8220; link=&#8220;url:https%3A%2F%2Fmanos-verdes.org%2Fwp-content%2Fuploads%2FManos-Verdes-Einzelmitgliedschaft-14Jan2021.pdf|title:Einzelmitglied|target:_blank&#8220;][vc_btn title=&#8220;Firmenmitglied Formular&#8220; align=&#8220;center&#8220; i_icon_fontawesome=&#8220;far fa-file-pdf&#8220; css=&#8220;&#8220; add_icon=&#8220;true&#8220; link=&#8220;url:https%3A%2F%2Fmanos-verdes.org%2Fwp-content%2Fuploads%2FManos-Verdes-Firmenmitgliedschaft-14Jan2021.pdf|title:Firmenmitglied|target:_blank&#8220;][\/vc_column][vc_column width=&#8220;1\/4&#8243;]<div class=\"zozo-parallax-header\"><div class=\"parallax-header content-style-default\"><h2 class=\"parallax-title\">Spenden<\/h2><\/div><\/div>[vc_column_text]<strong>Unterst\u00fctzen Sie unsere Arbeit durch Ihre\u00a0Spende!<\/strong><\/p>\n<p>F\u00fcr die Realisierung unserer Projekte wie z.B. das Umweltbildungsprogramm &#8222;Us\u00e1 la basura&#8220; \/ Nutze den M\u00fcll! an Schulen in Deutschland und in Argentinien brauchen wir finanzielle Unterst\u00fctzung. Mit diesen Mitteln k\u00f6nnen wir Unterrichtsmaterialien entwickeln und das Programm in den teilnehmenden Schulen\u00a0koordinieren.<\/p>\n<p style=\"text-align: center;\"><strong>Manos Verdes Deutschland e.V.<\/strong><\/p>\n<p>[\/vc_column_text][vc_btn title=&#8220;Hier Spenden&#8220; align=&#8220;center&#8220; link=&#8220;url:https%3A%2F%2Fwww.betterplace.org%2Fde%2Fdonate%2Fplatform%2Fprojects%2F41557|title:Betterplace.org|target:_blank&#8220;][\/vc_column][vc_column width=&#8220;1\/4&#8243;]<div class=\"zozo-parallax-header\"><div class=\"parallax-header content-style-default\"><h2 class=\"parallax-title\">Spenden<\/h2><\/div><\/div>[vc_column_text]<strong>ALTO AL FUEGO &#8211; Kampagne zur Vorbeugung von Waldbr\u00e4nden in Argentinien!<\/strong><\/p>\n<p>ALTO AL FUEGO &#8211; ein Projekt Vorbeugung von Waldbr\u00e4nden in Argentinien durch Aufkl\u00e4rung in der Bev\u00f6lkerung, eine aufmerksamkeitsstarke Medienkampagne, Schulungen von Lehrern und Sch\u00fclern, Ausbildung von Umweltmultiplikatoren im Tourismus-Sektor.<\/p>\n<p style=\"text-align: center;\"><strong>Manos Verdes Deutschland e.V.<\/strong><\/p>\n<p>[\/vc_column_text][vc_btn title=&#8220;Hier Spenden&#8220; align=&#8220;center&#8220; link=&#8220;url:https%3A%2F%2Fwww.betterplace.org%2Fde%2Fdonate%2Fplatform%2Fprojects%2F132088|title:Betterplace.org|target:_blank&#8220;][\/vc_column][\/vc_row][vc_row gap=&#8220;35&#8243; content_placement=&#8220;top&#8220; match_height=&#8220;yes&#8220;][vc_column width=&#8220;1\/2&#8243; css=&#8220;.vc_custom_1605711115551{margin-right: 50px !important;margin-left: 50px !important;}&#8220;]<div class=\"zozo-parallax-header\"><div class=\"parallax-header content-style-default\"><h3 class=\"parallax-title text-center\">Habt ihr Lust, bei unseren Projekten mitzuarbeiten? Dann meldet euch!<\/h3><div class=\"parallax-desc default-style text-center\"><p style=\"text-align: center;\">Wir suchen st\u00e4ndig Volont\u00e4re, die uns in unseren Projekten oder bei der Organisation unterst\u00fctzen!<\/p>\n<\/div><\/div><\/div>[vc_column_text]Arbeitet mit den Sch\u00fclern in den deutschen und argentinischen Schulen am Projekt \u201eUs\u00e1 la Basura\u201c! Lernt das Leben in Argentinien kennen, nehmt am Schulalltag teil und unterst\u00fctzt aktiv den Umweltschutz. Oder ihr unterst\u00fctzt unsere Team im B\u00fcro bei den verschiedenen Aufgaben und lernt den Alltag einer NGO kennen. Gerne k\u00f6nnt ihr uns auch online unterst\u00fctzen im Bereich der digitalen Kampagnen.<\/p>\n<p>Habt ihr Interesse, bei uns mitzuarbeiten, dann schickt uns eine <strong>E-Mail<\/strong> an:<\/p>\n<p style=\"text-align: left;\"><a href=\"voluntarios@manos-verdes.org\"><span style=\"text-decoration: underline;\">info@manos-verdes.org<\/span><\/a><\/p>\n<p><strong>Oder ruft uns an:<\/strong><\/p>\n<p>In Buenos Aires:<\/p>\n<p>T: +54 (0) 11-4342-2342<\/p>\n<p>Aus Deutschland:<\/p>\n<p>T: +49 (0) 40-20 93 42 60-7[\/vc_column_text][\/vc_column][vc_column width=&#8220;1\/4&#8243; css=&#8220;.vc_custom_1605711227082{margin-right: 50px !important;margin-left: 50px !important;border-right-width: 20px !important;border-left-width: 20px !important;padding-right: 10px !important;padding-left: 10px !important;}&#8220;][vc_single_image image=&#8220;6054&#8243; add_caption=&#8220;yes&#8220; alignment=&#8220;center&#8220; style=&#8220;vc_box_circle_2&#8243; title=&#8220;Dorothea&#8220;][vc_column_text]Ich bin Dorothea, komme aus Bad Homburg und bin 18 Jahre alt. Nach dem Abitur wollte auch ich gerne etwas Zeit im Ausland verbringen und eine neue Sprache lernen. S\u00fcdamerika hat mich schon immer interessiert und Spanisch habe ich im Gymnasium leider nie gelernt. Als Freiwillige der Fundaci\u00f3n Manos Verdes bin ich froh, eine T\u00e4tigkeit gefunden zu haben, mit der ich langfristig helfen kann, die mich thematisch begeistert und mich in meiner beruflichen Orientierung ein St\u00fcck weiter bringt.<br \/>\nIch finde, dass besonders wir jungen Leute uns mehr f\u00fcr das Thema Umweltschutz einsetzen sollten &#8211; schlie\u00dflich geht es besonders um unsere Zukunft.<br \/>\nIch freue mich deshalb sehr dar\u00fcber, in den kommenden drei Monaten hier im sch\u00f6nen Buenos Aires arbeiten zu d\u00fcrfen.[\/vc_column_text][\/vc_column][vc_column width=&#8220;1\/4&#8243; css=&#8220;.vc_custom_1605711252448{margin-right: 50px !important;margin-left: 50px !important;border-right-width: 20px !important;border-left-width: 20px !important;padding-right: 10px !important;padding-left: 10px !important;}&#8220;][vc_single_image image=&#8220;6355&#8243; add_caption=&#8220;yes&#8220; alignment=&#8220;center&#8220; style=&#8220;vc_box_circle_2&#8243; title=&#8220;Klara&#8220;][vc_column_text]Mein Name ist Klara, ich bin 19 Jahre alt und habe in Hamburg mein Abitur gemacht. Da es mich daraufhin in die Ferne gelockt hat, ich zudem meine Spanischkentnisse verbessern und meine Zeit sinnvoll nutzen wollte, machte ich mich auf die Suche nach Freiwilligenarbeit in Lateinamerika. \u00dcber Freunde bin ich auf die Fundaci\u00f3n Manos Verdes aufmerksam geworden. Die Kerntehemen der Organisation machten auf mich einen ansprechenden Eindruck, sodass ich nun f\u00fcr vier Monate als Freiwillige bei Manos Verdes in Buenos Aires arbeite.<\/p>\n<p>Von meiner Zeit hier in Argentinien erhoffe ich mir einen Eindruck in die lateinamerikanische Arbeitswelt, sowie etwas \u00fcber die Themen Recycling und M\u00fcllnutzung in Buenos Aires zu erfahren und zu lernen.[\/vc_column_text][\/vc_column][\/vc_row]<\/p>\n<\/div>","protected":false},"excerpt":{"rendered":"<p>[vc_row el_id=&#8220;sponsores&#8220; css=&#8220;.vc_custom_1707223825398{margin-right: 2% !important;margin-left: 2% !important;}&#8220;][vc_column width=&#8220;1\/4&#8243;][vc_column_text css=&#8220;&#8220;] F\u00fcr unsere Projekte suchen wir Sponsoren! Wir freuen uns, wenn Sie unsere Projekte unterst\u00fctzen wollen. Sie haben Fragen oder ben\u00f6tigen weitere Informationen? Kontaktieren Sie uns: Verena B\u00f6hme, 1. Vorsitzende Manos Verdes Deutschland e.V: E: vb@manos-verdes.org [\/vc_column_text][vc_btn title=&#8220;Kontaktieren Sie uns!&#8220; align=&#8220;center&#8220;][\/vc_column][vc_column width=&#8220;1\/4&#8243;][vc_column_text css=&#8220;&#8220;]Setzen Sie sich mit Manos Verdes f\u00fcr den Schutz unserer&#8230;<\/p>\n","protected":false},"author":3,"featured_media":7176,"parent":0,"menu_order":4,"comment_status":"closed","ping_status":"closed","template":"template-fullwidth.php","meta":{"footnotes":""},"class_list":["post-6755","page","type-page","status-publish","has-post-thumbnail","hentry"],"_links":{"self":[{"href":"https:\/\/manos-verdes.org\/de\/wp-json\/wp\/v2\/pages\/6755","targetHints":{"allow":["GET"]}}],"collection":[{"href":"https:\/\/manos-verdes.org\/de\/wp-json\/wp\/v2\/pages"}],"about":[{"href":"https:\/\/manos-verdes.org\/de\/wp-json\/wp\/v2\/types\/page"}],"author":[{"embeddable":true,"href":"https:\/\/manos-verdes.org\/de\/wp-json\/wp\/v2\/users\/3"}],"replies":[{"embeddable":true,"href":"https:\/\/manos-verdes.org\/de\/wp-json\/wp\/v2\/comments?post=6755"}],"version-history":[{"count":5,"href":"https:\/\/manos-verdes.org\/de\/wp-json\/wp\/v2\/pages\/6755\/revisions"}],"predecessor-version":[{"id":11560,"href":"https:\/\/manos-verdes.org\/de\/wp-json\/wp\/v2\/pages\/6755\/revisions\/11560"}],"wp:featuredmedia":[{"embeddable":true,"href":"https:\/\/manos-verdes.org\/de\/wp-json\/wp\/v2\/media\/7176"}],"wp:attachment":[{"href":"https:\/\/manos-verdes.org\/de\/wp-json\/wp\/v2\/media?parent=6755"}],"curies":[{"name":"wp","href":"https:\/\/api.w.org\/{rel}","templated":true}]}}