{"id":6763,"date":"2012-11-19T12:00:20","date_gmt":"2012-11-19T15:00:20","guid":{"rendered":"https:\/\/manos-verdes.org\/multimedia\/"},"modified":"2021-07-18T21:50:12","modified_gmt":"2021-07-19T00:50:12","slug":"multimedia","status":"publish","type":"page","link":"https:\/\/manos-verdes.org\/de\/blog\/multimedia\/","title":{"rendered":"Multimedia"},"content":{"rendered":"<div class=\"wpb-content-wrapper\"><p>[vc_row disable_element=&#8220;yes&#8220;][vc_column][vc_column_text]<strong>Video der Fundaci\u00f3n Manos Verdes und des Programms Us\u00e1 la basura:<br \/>\n<\/strong><br \/>\n<iframe loading=\"lazy\" src=\"http:\/\/player.vimeo.com\/video\/67699475\" width=\"500\" height=\"281\" frameborder=\"0\" webkitAllowFullScreen mozallowfullscreen allowFullScreen><\/iframe><a href=\"http:\/\/vimeo.com\/67699475\" target=\"_blank\" rel=\"noopener noreferrer nofollow\">Fundaci\u00f3n Manos Verdes &#8211; Programa Us\u00e1 la basura<\/a> from <a href=\"http:\/\/vimeo.com\/user2575590\" target=\"_blank\" rel=\"noopener noreferrer nofollow\">usa la basura<\/a> on <a href=\"http:\/\/vimeo.com\" target=\"_blank\" rel=\"noopener noreferrer nofollow\">Vimeo<\/a>.<\/p>\n<p><strong>Presseberichte<\/strong><\/p>\n<p>Artikel aus dem Argentinischen Tageblatt (Deutschsprachige Wochenzeitung in Buenos Aires)<\/p>\n<p><a href=\"https:\/\/manos-verdes.org\/wp-content\/uploads\/AT-Fiesta-del-Reciclado-2012.pdf\">Ver\u00e4ndere die Welt &#8211; Trenne M\u00fcll! &#8211; 10.11.2012<\/a><\/p>\n<p><a href=\"https:\/\/manos-verdes.org\/wp-content\/uploads\/AT-Verena-Artikel-junio-2012.pdf\">Nach mir die Sintflut? &#8211; 2.6.2012<\/a><\/p>\n<p><a href=\"https:\/\/manos-verdes.org\/wp-content\/uploads\/AT-Fiesta-del-Reciclado-2011.pdf\">Damit es dank Recycling nicht mehr &#8222;zum Himmel stinkt&#8220; &#8211; 12.11.2011<\/a><\/p>\n<p><a href=\"https:\/\/manos-verdes.org\/wp-content\/uploads\/AT_Artikel_2010.pdf\">Die Gr\u00fcnen H\u00e4nde &#8211; 18.12.2010<\/a><\/p>\n<p><strong>Radio<\/strong><\/p>\n<p><a href=\"https:\/\/manos-verdes.org\/wp-content\/uploads\/safe_image.php_.jpg\"><img loading=\"lazy\" decoding=\"async\" class=\"alignnone size-full wp-image-2300\" title=\"safe_image.php\" src=\"https:\/\/manos-verdes.org\/wp-content\/uploads\/safe_image.php_.jpg\" alt=\"\" width=\"152\" height=\"114\" \/><\/a><\/p>\n<p><a href=\"https:\/\/manos-verdes.org\/wp-content\/uploads\/entrevista-Cuota-social-FM-Identidad-92.1.mp3\">Interview (spanisch) &#8211; Identidad FM 92.1<\/a> &#8211; September 2012<\/p>\n<p><a title=\"Entrevista - Radio Mundo El Hornero\" href=\"http:\/\/mundoelhornero.com.ar\/?p=1144#entrevista\" target=\"_blank\" rel=\"noopener noreferrer\">Interview (spanisch) &#8211; Radio Mundo El Hornero<\/a> &#8211; Mai 2012<\/p>\n<p><strong>Videos<\/strong><\/p>\n<p><iframe loading=\"lazy\" src=\"http:\/\/player.vimeo.com\/video\/53703376?badge=0\" frameborder=\"0\" width=\"406\" height=\"298\"><\/iframe><\/p>\n<p><a href=\"http:\/\/vimeo.com\/53703376\" target=\"_blank\" rel=\"noopener noreferrer nofollow\">Para qu\u00e9 sirve la basura?<\/a> from <a href=\"http:\/\/vimeo.com\/user2575590\" target=\"_blank\" rel=\"noopener noreferrer nofollow\">usa la basura<\/a> on <a href=\"http:\/\/vimeo.com\" target=\"_blank\" rel=\"noopener noreferrer nofollow\">Vimeo<\/a>.<\/p>\n<p><iframe loading=\"lazy\" src=\"http:\/\/player.vimeo.com\/video\/49172704\" frameborder=\"0\" width=\"401\" height=\"301\"><\/iframe><\/p>\n<p><a href=\"http:\/\/vimeo.com\/49172704\" target=\"_blank\" rel=\"noopener noreferrer nofollow\">Las Pastillas del abuelo junto con la Fundaci\u00f3n Manos Verdes<\/a> from <a href=\"http:\/\/vimeo.com\/user2575590\" target=\"_blank\" rel=\"noopener noreferrer nofollow\">usa la basura<\/a> on <a href=\"http:\/\/vimeo.com\" target=\"_blank\" rel=\"noopener noreferrer nofollow\">Vimeo<\/a>.[\/vc_column_text][\/vc_column][\/vc_row][vc_row][vc_column]<div class=\"zozo-parallax-header\"><div class=\"parallax-header content-style-default\"><h2 class=\"parallax-title\">Video institucional de la Fundaci\u00f3n Manos Verdes<\/h2><\/div><\/div>[vc_video link=&#8220;https:\/\/vimeo.com\/67699475&#8243; el_width=&#8220;70&#8243; align=&#8220;center&#8220;]<div class=\"zozo-parallax-header\"><div class=\"parallax-header content-style-default\"><h2 class=\"parallax-title\">Radio<\/h2><\/div><\/div>[vc_column_text]<\/p>\n<p style=\"text-align: center;\"><a href=\"https:\/\/manos-verdes.org\/wp-content\/uploads\/entrevista-Cuota-social-FM-Identidad-92.1.mp3\">Entrevista Cuota social &#8211; Identidad FM 92.1<\/a> &#8211; Septiembre 2012<\/p>\n<p style=\"text-align: center;\"><a title=\"Entrevista - Radio Mundo El Hornero\" href=\"http:\/\/mundoelhornero.com.ar\/?p=1144#entrevista\" target=\"_blank\" rel=\"noopener noreferrer\">Entrevista &#8211; Radio Mundo El Hornero<\/a> &#8211; Mayo 2012<\/p>\n<p>[\/vc_column_text]<div class=\"zozo-parallax-header\"><div class=\"parallax-header content-style-default\"><h2 class=\"parallax-title\">Articulos de Prensa<\/h2><\/div><\/div>[vc_column_text]<\/p>\n<p style=\"text-align: center;\">Articulos en Alem\u00e1n &#8211; Diario Alem\u00e1n: Argentinisches Tageblatt, Buenos Aires<\/p>\n<p style=\"text-align: center;\"><a href=\"https:\/\/manos-verdes.org\/wp-content\/uploads\/AT-Fiesta-del-Reciclado-2012.pdf\">Ver\u00e4ndere die Welt &#8211; Trenne M\u00fcll! &#8211; 10.11.2012<\/a><\/p>\n<p style=\"text-align: center;\"><a href=\"https:\/\/manos-verdes.org\/wp-content\/uploads\/AT-Verena-Artikel-junio-2012.pdf\">Nach mir die Sintflut? &#8211; 2.6.2012<\/a><\/p>\n<p style=\"text-align: center;\"><a href=\"https:\/\/manos-verdes.org\/wp-content\/uploads\/AT-Fiesta-del-Reciclado-2011.pdf\">Damit es dank Recycling nicht mehr &#8222;zum Himmel stinkt&#8220; &#8211; 12.11.2011<\/a><\/p>\n<p style=\"text-align: center;\"><a href=\"https:\/\/manos-verdes.org\/wp-content\/uploads\/AT_Artikel_2010.pdf\">Die Gr\u00fcnen H\u00e4nde &#8211; 18.12.2010<\/a><\/p>\n<p>[\/vc_column_text]<div class=\"zozo-parallax-header\"><div class=\"parallax-header content-style-default\"><h2 class=\"parallax-title\">Video<\/h2><\/div><\/div>[vc_video link=&#8220;https:\/\/vimeo.com\/53703376&#8243; el_width=&#8220;70&#8243; align=&#8220;center&#8220;][vc_empty_space height=&#8220;50px&#8220;][vc_video link=&#8220;https:\/\/vimeo.com\/49172704&#8243; el_width=&#8220;70&#8243; align=&#8220;center&#8220;][\/vc_column][\/vc_row]<\/p>\n<\/div>","protected":false},"excerpt":{"rendered":"<p>[vc_row disable_element=&#8220;yes&#8220;][vc_column][vc_column_text]Video der Fundaci\u00f3n Manos Verdes und des Programms Us\u00e1 la basura: Fundaci\u00f3n Manos Verdes &#8211; Programa Us\u00e1 la basura from usa la basura on Vimeo. Presseberichte Artikel aus dem Argentinischen Tageblatt (Deutschsprachige Wochenzeitung in Buenos Aires) Ver\u00e4ndere die Welt &#8211; Trenne M\u00fcll! &#8211; 10.11.2012 Nach mir die Sintflut? &#8211; 2.6.2012 Damit es dank Recycling nicht mehr &#8222;zum Himmel stinkt&#8220;&#8230;<\/p>\n","protected":false},"author":3,"featured_media":7181,"parent":6745,"menu_order":0,"comment_status":"closed","ping_status":"closed","template":"template-fullwidth.php","meta":{"footnotes":""},"class_list":["post-6763","page","type-page","status-publish","has-post-thumbnail","hentry"],"_links":{"self":[{"href":"https:\/\/manos-verdes.org\/de\/wp-json\/wp\/v2\/pages\/6763","targetHints":{"allow":["GET"]}}],"collection":[{"href":"https:\/\/manos-verdes.org\/de\/wp-json\/wp\/v2\/pages"}],"about":[{"href":"https:\/\/manos-verdes.org\/de\/wp-json\/wp\/v2\/types\/page"}],"author":[{"embeddable":true,"href":"https:\/\/manos-verdes.org\/de\/wp-json\/wp\/v2\/users\/3"}],"replies":[{"embeddable":true,"href":"https:\/\/manos-verdes.org\/de\/wp-json\/wp\/v2\/comments?post=6763"}],"version-history":[{"count":0,"href":"https:\/\/manos-verdes.org\/de\/wp-json\/wp\/v2\/pages\/6763\/revisions"}],"up":[{"embeddable":true,"href":"https:\/\/manos-verdes.org\/de\/wp-json\/wp\/v2\/pages\/6745"}],"wp:featuredmedia":[{"embeddable":true,"href":"https:\/\/manos-verdes.org\/de\/wp-json\/wp\/v2\/media\/7181"}],"wp:attachment":[{"href":"https:\/\/manos-verdes.org\/de\/wp-json\/wp\/v2\/media?parent=6763"}],"curies":[{"name":"wp","href":"https:\/\/api.w.org\/{rel}","templated":true}]}}